{"id":2851,"date":"2020-03-03T17:02:59","date_gmt":"2020-03-03T17:02:59","guid":{"rendered":"http:\/\/hotelsanvicentegalapagos.com\/es\/?page_id=2851"},"modified":"2020-03-06T16:52:22","modified_gmt":"2020-03-06T16:52:22","slug":"ubicacion","status":"publish","type":"page","link":"https:\/\/hotelsanvicentegalapagos.com\/es\/ubicacion\/","title":{"rendered":"Ubicaci\u00f3n"},"content":{"rendered":"[vc_row][vc_column][vc_row_inner][vc_column_inner][vc_empty_space height=&#8221;73px&#8221;][\/vc_column_inner][\/vc_row_inner][vc_row_inner][vc_column_inner width=&#8221;1\/2&#8243;][vc_single_image image=&#8221;3036&#8243; img_size=&#8221;480&#215;650&#8243; style=&#8221;vc_box_shadow&#8221;][\/vc_column_inner][vc_column_inner width=&#8221;1\/2&#8243;][vc_empty_space height=&#8221;50px&#8221;][vc_custom_heading text=&#8221;Ubicaci\u00f3n San Vicente Galapagos Hotel&#8221; font_container=&#8221;tag:h3|font_size:35px|text_align:left|line_height:45px&#8221; use_theme_fonts=&#8221;yes&#8221;][vc_empty_space height=&#8221;10px&#8221;][vc_column_text]\n<p style=\"text-align: justify;\"><strong>Hotel San Vicente Gal\u00e1pagos situado en Puerto Villamil en la isla de Isabela<\/strong>, la isla m\u00e1s grande del archipi\u00e9lago de Gal\u00e1pagos. La hermosa Isabela tiene seis grandes c\u00fapulas volc\u00e1nicas; uno de ellos es el Volc\u00e1n Sierra Negra, el volc\u00e1n activo m\u00e1s famoso de la isla.<\/p>\n<p style=\"text-align: justify;\">Isabela Island tambi\u00e9n es el hogar de una gran mayor\u00eda de especies ex\u00f3ticas en las Islas Gal\u00e1pagos, tales como flamencos, pinguinos, tortugas gigantes de Gal\u00e1pagos, tiburones end\u00e9micos de Gal\u00e1pagos, tiburones azules, tetas de patas azules, leones marinos, tortugas marinas, iguanas marinas, y una amplia variedad de vida marina.<\/p>\n<p style=\"text-align: justify;\">Puerto Villamil es el nombre de la peque\u00f1a ciudad en la isla de Isabela donde se encuentra el Hotel La Laguna Gal\u00e1pagos. El hotel est\u00e1 situado frente a la laguna flamingos y separado de la pr\u00edstina playa de arena blanca por s\u00f3lo dos cuadras.<\/p>\n[\/vc_column_text][\/vc_column_inner][\/vc_row_inner][vc_empty_space height=&#8221;59px&#8221;][\/vc_column][\/vc_row][vc_row][vc_column][vc_custom_heading text=&#8221;C\u00f3mo Llegar al hotel&#8221; font_container=&#8221;tag:h2|font_size:50px|text_align:center|line_height:60px&#8221; use_theme_fonts=&#8221;yes&#8221;][vc_column_text]\n<p style=\"text-align: justify;\">Sugerimos a nuestros hu\u00e9spedes que consideren nuestros servicios de traslado, que se encargar\u00e1n de todos los arreglos necesarios para llegar al hotel desde el aeropuerto de Baltra. Sin embargo, si prefiere organizarlo por s\u00ed mismo y simplemente reservar el alojamiento, siga estas instrucciones:<\/p>\n[\/vc_column_text][\/vc_column][\/vc_row][vc_row full_width=&#8221;stretch_row_content&#8221;][vc_column width=&#8221;1\/4&#8243;][vc_hoverbox image=&#8221;2976&#8243; primary_title=&#8221;Desde el Aeropuerto de Baltra hacia Puerto Ayora (Isla Santa Cruz) en lancha a motor&#8221; hover_title=&#8221;&#8221; hover_background_color=&#8221;black&#8221;]\n<p>&nbsp;<\/p>\n<p>&nbsp;<\/p>\n<p style=\"text-align: center;\"><span style=\"color: #ffffff;\">A su llegada al aeropuerto de baltra Island tome un corto viaje en autob\u00fas al Canal de Itabaca (5 USD), aseg\u00farese de tomar el autob\u00fas al canal, NO al muelle. A continuaci\u00f3n, cruce el canal de Itabaca en ferry a la isla de Santa Cruz (1 USD).<\/span><\/p>\n<p style=\"text-align: center;\"><span style=\"color: #ffffff;\">Una vez en el canal de Itabaca, tomar un autob\u00fas o un taxi a Puerto Ayora en el camino se puede disfrutar de una gran vista de las tierras altas de Santa Cruz, (Distancia de Baltra a Puerto Ayora: 26 millas o 42 km).<\/span><\/p>\n<p style=\"text-align: center;\"><span style=\"color: #ffffff;\">A su llegada a Puerto Ayora, camine hasta el muelle y solicite billetes de lancha r\u00e1pida a Puerto Villamil, los lanchas r\u00e1pidas a Puerto Villamil (Isla Isabel) solo salen de la isla de Santa Cruz y salen todos los d\u00edas a las 14:00 pm (USD 35,00 por persona y por trayecto , sujeto a cambios sin previo aviso).<\/span><\/p>\n<p>&nbsp;<\/p>\n<p>&nbsp;<\/p>\n<p>&nbsp;<\/p>\n<p>&nbsp;<\/p>\n[\/vc_hoverbox][\/vc_column][vc_column width=&#8221;1\/4&#8243;][vc_hoverbox image=&#8221;2974&#8243; primary_title=&#8221;Desde el Aeropuerto de Baltra en avi\u00f3n&#8221; hover_title=&#8221;&#8221; hover_background_color=&#8221;black&#8221;]\n<p>&nbsp;<\/p>\n<p>&nbsp;<\/p>\n<p>&nbsp;<\/p>\n<p style=\"text-align: center;\"><span style=\"color: #ffffff;\">Una vez que llegue al aeropuerto de Baltra y si tiene una reserva de avi\u00f3n anterior, por favor vaya al mostrador de control en la misma terminal. Tomar\u00e1 un avi\u00f3n peque\u00f1o, 5 u 8 asientos disponibles por vuelo dor a 35 minutos de viaje.<\/span><\/p>\n<p style=\"text-align: center;\"><span style=\"color: #ffffff;\">Es importante que su vuelo de llegada a Baltra Airporty y su vuelo de salida de Baltra a Puerto Villamil est\u00e9n correctamente cronometrados.<\/span><\/p>\n<p style=\"text-align: center;\"><span style=\"color: #ffffff;\">Podemos organizar la lancha r\u00e1pida o billetes de avi\u00f3n junto con las reservas de hotel.<\/span><\/p>\n<p>&nbsp;<\/p>\n<p>&nbsp;<\/p>\n<p>&nbsp;<\/p>\n<p>&nbsp;<\/p>\n<p>&nbsp;<\/p>\n[\/vc_hoverbox][\/vc_column][vc_column width=&#8221;1\/4&#8243;][vc_hoverbox image=&#8221;2975&#8243; primary_title=&#8221;Desde la Isla de San Crist\u00f3bal en avi\u00f3n&#8221; hover_title=&#8221;&#8221; hover_background_color=&#8221;black&#8221;]\n<p>&nbsp;<\/p>\n<p>&nbsp;<\/p>\n<p>&nbsp;<\/p>\n<p>&nbsp;<\/p>\n<p style=\"text-align: center;\"><span style=\"color: #ffffff;\">Una vez que llegue al aeropuerto de San Crist\u00f3bal y si tiene una reserva de avi\u00f3n anterior, por favor vaya al mostrador de control en la misma terminal. Los servicios de avi\u00f3n est\u00e1n disponibles para aviones peque\u00f1os, 5 u 8 asientos disponibles por vuelo y tarda 45 minutos.<\/span><\/p>\n<p>&nbsp;<\/p>\n<p>&nbsp;<\/p>\n<p>&nbsp;<\/p>\n<p>&nbsp;<\/p>\n<p>&nbsp;<\/p>\n<p>&nbsp;<\/p>\n<p>&nbsp;<\/p>\n[\/vc_hoverbox][\/vc_column][vc_column width=&#8221;1\/4&#8243;][vc_hoverbox image=&#8221;2973&#8243; primary_title=&#8221;Desde la Isla de San Crist\u00f3bal en lancha r\u00e1pida&#8221; hover_title=&#8221;&#8221; hover_background_color=&#8221;black&#8221;]\n<p>&nbsp;<\/p>\n<p>&nbsp;<\/p>\n<p>&nbsp;<\/p>\n<p style=\"text-align: center;\"><span style=\"color: #ffffff;\">Upon arrival to\u00a0<strong><i>San Cristobal<\/i><\/strong>, go to the dock and ask for speed boat tickets to Puerto Ayora, the speed boats to Puerto Ayora\u00a0(Santa Cruz Island) leave every day at <strong>07:00 am<\/strong>. (USD 35,00 per person and per way, subject to change without notice). Once in <strong>Puerto Ayora<\/strong>\u00a0walk to the dock and ask for speed boat tickets to\u00a0<strong>Puerto Villamil<\/strong>, the speed boats to Puerto Villamil (Isabela Island) only depart from Santa Cruz Island and leave every day at\u00a0<strong>14:00 pm\u00a0<\/strong>(USD 35,00 per person and per way, subject to change without notice).<\/span><\/p>\n<p style=\"text-align: center;\"><span style=\"color: #ffffff;\"><strong><i>We can arrange the speed boat or air tickets all together with hotel reservations.<\/i><\/strong><\/span><\/p>\n<p>&nbsp;<\/p>\n<p>&nbsp;<\/p>\n<p>&nbsp;<\/p>\n<p>&nbsp;<\/p>\n<p>&nbsp;<\/p>\n[\/vc_hoverbox][\/vc_column][\/vc_row]\n","protected":false},"excerpt":{"rendered":"<p>[vc_row][vc_column][vc_row_inner][vc_column_inner][vc_empty_space height=&#8221;73px&#8221;][\/vc_column_inner][\/vc_row_inner][vc_row_inner][vc_column_inner width=&#8221;1\/2&#8243;][vc_single_image image=&#8221;3036&#8243; img_size=&#8221;480&#215;650&#8243; style=&#8221;vc_box_shadow&#8221;][\/vc_column_inner][vc_column_inner width=&#8221;1\/2&#8243;][vc_empty_space height=&#8221;50px&#8221;][vc_custom_heading text=&#8221;Ubicaci\u00f3n San Vicente Galapagos Hotel&#8221; font_container=&#8221;tag:h3|font_size:35px|text_align:left|line_height:45px&#8221; use_theme_fonts=&#8221;yes&#8221;][vc_empty_space height=&#8221;10px&#8221;][vc_column_text] Hotel San Vicente Gal\u00e1pagos [&hellip;]<\/p>\n","protected":false},"author":1,"featured_media":0,"parent":0,"menu_order":0,"comment_status":"open","ping_status":"closed","template":"","meta":{"footnotes":""},"class_list":["post-2851","page","type-page","status-publish","hentry"],"yoast_head":"<!-- This site is optimized with the Yoast SEO plugin v27.2 - https:\/\/yoast.com\/product\/yoast-seo-wordpress\/ -->\n<title>Hoteles Galapagos | Hotel San Vicente Galapagos | Hoteles Isla Isabela<\/title>\n<meta name=\"description\" content=\"Hoteles Gal\u00e1pagos, Hotel San Vicente Tourist alojamiento situado en Isabela Island que ofrecen servicios de alta calidad y asequibles para los viajeros.\" \/>\n<meta name=\"robots\" content=\"index, follow, max-snippet:-1, max-image-preview:large, max-video-preview:-1\" \/>\n<link rel=\"canonical\" href=\"https:\/\/hotelsanvicentegalapagos.com\/es\/ubicacion\/\" \/>\n<meta property=\"og:locale\" content=\"en_US\" \/>\n<meta property=\"og:type\" content=\"article\" \/>\n<meta property=\"og:title\" content=\"Hoteles Galapagos | Hotel San Vicente Galapagos | Hoteles Isla Isabela\" \/>\n<meta property=\"og:description\" content=\"Hoteles Gal\u00e1pagos, Hotel San Vicente Tourist alojamiento situado en Isabela Island que ofrecen servicios de alta calidad y asequibles para los viajeros.\" \/>\n<meta property=\"og:url\" content=\"https:\/\/hotelsanvicentegalapagos.com\/es\/ubicacion\/\" \/>\n<meta property=\"og:site_name\" content=\"San Vicente Hotel Galapagos\" \/>\n<meta property=\"article:publisher\" content=\"https:\/\/www.facebook.com\/sanvicentegalapagoshotel\/\" \/>\n<meta property=\"article:modified_time\" content=\"2020-03-06T16:52:22+00:00\" \/>\n<meta name=\"twitter:card\" content=\"summary_large_image\" \/>\n<meta name=\"twitter:label1\" content=\"Est. reading time\" \/>\n\t<meta name=\"twitter:data1\" content=\"4 minutes\" \/>\n<script type=\"application\/ld+json\" class=\"yoast-schema-graph\">{\"@context\":\"https:\/\/schema.org\",\"@graph\":[{\"@type\":\"WebPage\",\"@id\":\"https:\/\/hotelsanvicentegalapagos.com\/es\/ubicacion\/\",\"url\":\"https:\/\/hotelsanvicentegalapagos.com\/es\/ubicacion\/\",\"name\":\"Hoteles Galapagos | Hotel San Vicente Galapagos | Hoteles Isla Isabela\",\"isPartOf\":{\"@id\":\"https:\/\/hotelsanvicentegalapagos.com\/es\/#website\"},\"datePublished\":\"2020-03-03T17:02:59+00:00\",\"dateModified\":\"2020-03-06T16:52:22+00:00\",\"description\":\"Hoteles Gal\u00e1pagos, Hotel San Vicente Tourist alojamiento situado en Isabela Island que ofrecen servicios de alta calidad y asequibles para los viajeros.\",\"breadcrumb\":{\"@id\":\"https:\/\/hotelsanvicentegalapagos.com\/es\/ubicacion\/#breadcrumb\"},\"inLanguage\":\"en-US\",\"potentialAction\":[{\"@type\":\"ReadAction\",\"target\":[\"https:\/\/hotelsanvicentegalapagos.com\/es\/ubicacion\/\"]}]},{\"@type\":\"BreadcrumbList\",\"@id\":\"https:\/\/hotelsanvicentegalapagos.com\/es\/ubicacion\/#breadcrumb\",\"itemListElement\":[{\"@type\":\"ListItem\",\"position\":1,\"name\":\"Home\",\"item\":\"https:\/\/hotelsanvicentegalapagos.com\/es\/\"},{\"@type\":\"ListItem\",\"position\":2,\"name\":\"Ubicaci\u00f3n\"}]},{\"@type\":\"WebSite\",\"@id\":\"https:\/\/hotelsanvicentegalapagos.com\/es\/#website\",\"url\":\"https:\/\/hotelsanvicentegalapagos.com\/es\/\",\"name\":\"San Vicente Hotel Galapagos\",\"description\":\"Isla Isabela Galapagos\",\"publisher\":{\"@id\":\"https:\/\/hotelsanvicentegalapagos.com\/es\/#organization\"},\"potentialAction\":[{\"@type\":\"SearchAction\",\"target\":{\"@type\":\"EntryPoint\",\"urlTemplate\":\"https:\/\/hotelsanvicentegalapagos.com\/es\/?s={search_term_string}\"},\"query-input\":{\"@type\":\"PropertyValueSpecification\",\"valueRequired\":true,\"valueName\":\"search_term_string\"}}],\"inLanguage\":\"en-US\"},{\"@type\":\"Organization\",\"@id\":\"https:\/\/hotelsanvicentegalapagos.com\/es\/#organization\",\"name\":\"Hotel San Vicente Galapagos\",\"url\":\"https:\/\/hotelsanvicentegalapagos.com\/es\/\",\"logo\":{\"@type\":\"ImageObject\",\"inLanguage\":\"en-US\",\"@id\":\"https:\/\/hotelsanvicentegalapagos.com\/es\/#\/schema\/logo\/image\/\",\"url\":\"https:\/\/hotelsanvicentegalapagos.com\/es\/wp-content\/uploads\/sites\/2\/2016\/11\/san-vicente-hote-galapagos-logo.png\",\"contentUrl\":\"https:\/\/hotelsanvicentegalapagos.com\/es\/wp-content\/uploads\/sites\/2\/2016\/11\/san-vicente-hote-galapagos-logo.png\",\"width\":292,\"height\":196,\"caption\":\"Hotel San Vicente Galapagos\"},\"image\":{\"@id\":\"https:\/\/hotelsanvicentegalapagos.com\/es\/#\/schema\/logo\/image\/\"},\"sameAs\":[\"https:\/\/www.facebook.com\/sanvicentegalapagoshotel\/\"]}]}<\/script>\n<!-- \/ Yoast SEO plugin. -->","yoast_head_json":{"title":"Hoteles Galapagos | Hotel San Vicente Galapagos | Hoteles Isla Isabela","description":"Hoteles Gal\u00e1pagos, Hotel San Vicente Tourist alojamiento situado en Isabela Island que ofrecen servicios de alta calidad y asequibles para los viajeros.","robots":{"index":"index","follow":"follow","max-snippet":"max-snippet:-1","max-image-preview":"max-image-preview:large","max-video-preview":"max-video-preview:-1"},"canonical":"https:\/\/hotelsanvicentegalapagos.com\/es\/ubicacion\/","og_locale":"en_US","og_type":"article","og_title":"Hoteles Galapagos | Hotel San Vicente Galapagos | Hoteles Isla Isabela","og_description":"Hoteles Gal\u00e1pagos, Hotel San Vicente Tourist alojamiento situado en Isabela Island que ofrecen servicios de alta calidad y asequibles para los viajeros.","og_url":"https:\/\/hotelsanvicentegalapagos.com\/es\/ubicacion\/","og_site_name":"San Vicente Hotel Galapagos","article_publisher":"https:\/\/www.facebook.com\/sanvicentegalapagoshotel\/","article_modified_time":"2020-03-06T16:52:22+00:00","twitter_card":"summary_large_image","twitter_misc":{"Est. reading time":"4 minutes"},"schema":{"@context":"https:\/\/schema.org","@graph":[{"@type":"WebPage","@id":"https:\/\/hotelsanvicentegalapagos.com\/es\/ubicacion\/","url":"https:\/\/hotelsanvicentegalapagos.com\/es\/ubicacion\/","name":"Hoteles Galapagos | Hotel San Vicente Galapagos | Hoteles Isla Isabela","isPartOf":{"@id":"https:\/\/hotelsanvicentegalapagos.com\/es\/#website"},"datePublished":"2020-03-03T17:02:59+00:00","dateModified":"2020-03-06T16:52:22+00:00","description":"Hoteles Gal\u00e1pagos, Hotel San Vicente Tourist alojamiento situado en Isabela Island que ofrecen servicios de alta calidad y asequibles para los viajeros.","breadcrumb":{"@id":"https:\/\/hotelsanvicentegalapagos.com\/es\/ubicacion\/#breadcrumb"},"inLanguage":"en-US","potentialAction":[{"@type":"ReadAction","target":["https:\/\/hotelsanvicentegalapagos.com\/es\/ubicacion\/"]}]},{"@type":"BreadcrumbList","@id":"https:\/\/hotelsanvicentegalapagos.com\/es\/ubicacion\/#breadcrumb","itemListElement":[{"@type":"ListItem","position":1,"name":"Home","item":"https:\/\/hotelsanvicentegalapagos.com\/es\/"},{"@type":"ListItem","position":2,"name":"Ubicaci\u00f3n"}]},{"@type":"WebSite","@id":"https:\/\/hotelsanvicentegalapagos.com\/es\/#website","url":"https:\/\/hotelsanvicentegalapagos.com\/es\/","name":"San Vicente Hotel Galapagos","description":"Isla Isabela Galapagos","publisher":{"@id":"https:\/\/hotelsanvicentegalapagos.com\/es\/#organization"},"potentialAction":[{"@type":"SearchAction","target":{"@type":"EntryPoint","urlTemplate":"https:\/\/hotelsanvicentegalapagos.com\/es\/?s={search_term_string}"},"query-input":{"@type":"PropertyValueSpecification","valueRequired":true,"valueName":"search_term_string"}}],"inLanguage":"en-US"},{"@type":"Organization","@id":"https:\/\/hotelsanvicentegalapagos.com\/es\/#organization","name":"Hotel San Vicente Galapagos","url":"https:\/\/hotelsanvicentegalapagos.com\/es\/","logo":{"@type":"ImageObject","inLanguage":"en-US","@id":"https:\/\/hotelsanvicentegalapagos.com\/es\/#\/schema\/logo\/image\/","url":"https:\/\/hotelsanvicentegalapagos.com\/es\/wp-content\/uploads\/sites\/2\/2016\/11\/san-vicente-hote-galapagos-logo.png","contentUrl":"https:\/\/hotelsanvicentegalapagos.com\/es\/wp-content\/uploads\/sites\/2\/2016\/11\/san-vicente-hote-galapagos-logo.png","width":292,"height":196,"caption":"Hotel San Vicente Galapagos"},"image":{"@id":"https:\/\/hotelsanvicentegalapagos.com\/es\/#\/schema\/logo\/image\/"},"sameAs":["https:\/\/www.facebook.com\/sanvicentegalapagoshotel\/"]}]}},"_links":{"self":[{"href":"https:\/\/hotelsanvicentegalapagos.com\/es\/wp-json\/wp\/v2\/pages\/2851","targetHints":{"allow":["GET"]}}],"collection":[{"href":"https:\/\/hotelsanvicentegalapagos.com\/es\/wp-json\/wp\/v2\/pages"}],"about":[{"href":"https:\/\/hotelsanvicentegalapagos.com\/es\/wp-json\/wp\/v2\/types\/page"}],"author":[{"embeddable":true,"href":"https:\/\/hotelsanvicentegalapagos.com\/es\/wp-json\/wp\/v2\/users\/1"}],"replies":[{"embeddable":true,"href":"https:\/\/hotelsanvicentegalapagos.com\/es\/wp-json\/wp\/v2\/comments?post=2851"}],"version-history":[{"count":18,"href":"https:\/\/hotelsanvicentegalapagos.com\/es\/wp-json\/wp\/v2\/pages\/2851\/revisions"}],"predecessor-version":[{"id":3038,"href":"https:\/\/hotelsanvicentegalapagos.com\/es\/wp-json\/wp\/v2\/pages\/2851\/revisions\/3038"}],"wp:attachment":[{"href":"https:\/\/hotelsanvicentegalapagos.com\/es\/wp-json\/wp\/v2\/media?parent=2851"}],"curies":[{"name":"wp","href":"https:\/\/api.w.org\/{rel}","templated":true}]}}