{"id":2863,"date":"2020-03-03T17:21:32","date_gmt":"2020-03-03T17:21:32","guid":{"rendered":"http:\/\/hotelsanvicentegalapagos.com\/es\/?page_id=2863"},"modified":"2020-03-06T16:54:13","modified_gmt":"2020-03-06T16:54:13","slug":"instalaciones","status":"publish","type":"page","link":"https:\/\/hotelsanvicentegalapagos.com\/es\/instalaciones\/","title":{"rendered":"Instalaciones"},"content":{"rendered":"[vc_row][vc_column][vc_row_inner][vc_column_inner][vc_empty_space height=&#8221;73px&#8221;][\/vc_column_inner][\/vc_row_inner][vc_row_inner][vc_column_inner width=&#8221;1\/2&#8243;][vc_empty_space height=&#8221;50px&#8221;][vc_custom_heading text=&#8221;Hotel San Vicente Gal\u00e1pagos<br \/>\nInstalaciones y<br \/>\nServicios.&#8221; font_container=&#8221;tag:h2|font_size:40px|text_align:center|line_height:47px&#8221; use_theme_fonts=&#8221;yes&#8221;][\/vc_column_inner][vc_column_inner width=&#8221;1\/2&#8243;][vc_column_text]\n<p style=\"text-align: justify;\">Antonio Gil Jaramillo descendiente de una de las primeras familias de colonos que llegaron desde Guayaquil a las hermosas playas de la Isla Isabela en Gal\u00e1pagos, hace 20 a\u00f1os lanz\u00f3 la maravillosa tarea de proporcionar alojamiento, comidas y excursiones para los visitantes que llegaron a la remota isla.<\/p>\n<p style=\"text-align: justify;\">Esta fascinante isla alberga la mayor\u00eda de las especies que existen en las Islas Gal\u00e1pagos como pinguinos, flamencos, tiburones azules, tiburones end\u00e9micos de Gal\u00e1pagos, tetas de patas azules, leones marinos, iguanas marinas, tortugas marinas y una gran variedad de vida marina, as\u00ed como uno de los volcanes activos m\u00e1s grandes de las islas, el Volc\u00e1n Sierra Negra.<\/p>\n<p style=\"text-align: justify;\">Hoy en d\u00eda, el Hotel San Vicente Gal\u00e1pagos se ha convertido en el hotel m\u00e1s importante de la Isla Isabela, ofrece alojamiento en la Isla Isabela ya que tiene su propia operaci\u00f3n tur\u00edstica en la isla y tambi\u00e9n ha ampliado su operaci\u00f3n a la Isla de San Crist\u00f3bal, la Isla Floreana y la Isla de Santa Cruz con sus diversos programas de tours combinados terrestres (Gal\u00e1pagos Island Hopping \/ Land Tours).<\/p>\n<p style=\"text-align: justify;\">El Hotel San Vicente Gal\u00e1pagos es el propietario de la l\/P Oceano l-p con capacidad para 14 pasajeros; una furgoneta con capacidad para 16 pasajeros, una &#8220;Chiva&#8221; para 10 pasajeros y 32 caballos apropiados para la visita al Volc\u00e1n Sierra Negra.<\/p>\n<p style=\"text-align: justify;\">Habitaciones<br \/>\n\u00a1En el Hotel San Vicente Gal\u00e1pagos hemos hecho todo lo posible para que pases grandes noches con nosotros! Con capacidad para 48 personas acomodadas en 17 c\u00f3modas habitaciones, con la siguiente distribuci\u00f3n:<\/p>\n<p>Dobles<br \/>\nTriples<br \/>\nCu\u00e1druples[\/vc_column_text][\/vc_column_inner][\/vc_row_inner][vc_empty_space height=&#8221;59px&#8221;][\/vc_column][\/vc_row][vc_row][vc_column width=&#8221;1\/3&#8243;][vc_single_image image=&#8221;3023&#8243; img_size=&#8221;370&#215;450&#8243; onclick=&#8221;link_image&#8221;][\/vc_column][vc_column width=&#8221;1\/3&#8243;][vc_single_image image=&#8221;3044&#8243; img_size=&#8221;370&#215;450&#8243; onclick=&#8221;link_image&#8221;][\/vc_column][vc_column width=&#8221;1\/3&#8243;][vc_single_image image=&#8221;3041&#8243; img_size=&#8221;370&#215;450&#8243; onclick=&#8221;link_image&#8221;][\/vc_column][\/vc_row]\n","protected":false},"excerpt":{"rendered":"<p>[vc_row][vc_column][vc_row_inner][vc_column_inner][vc_empty_space height=&#8221;73px&#8221;][\/vc_column_inner][\/vc_row_inner][vc_row_inner][vc_column_inner width=&#8221;1\/2&#8243;][vc_empty_space height=&#8221;50px&#8221;][vc_custom_heading text=&#8221;Hotel San Vicente Gal\u00e1pagos Instalaciones y Servicios.&#8221; font_container=&#8221;tag:h2|font_size:40px|text_align:center|line_height:47px&#8221; use_theme_fonts=&#8221;yes&#8221;][\/vc_column_inner][vc_column_inner width=&#8221;1\/2&#8243;][vc_column_text] Antonio Gil Jaramillo descendiente de una [&hellip;]<\/p>\n","protected":false},"author":1,"featured_media":0,"parent":0,"menu_order":0,"comment_status":"open","ping_status":"closed","template":"","meta":{"footnotes":""},"class_list":["post-2863","page","type-page","status-publish","hentry"],"yoast_head":"<!-- This site is optimized with the Yoast SEO plugin v27.2 - https:\/\/yoast.com\/product\/yoast-seo-wordpress\/ -->\n<title>Hoteles Galapagos | Hotel San Vicente Galapagos | Hoteles isla Isabela<\/title>\n<meta name=\"description\" content=\"Hoteles Gal\u00e1pagos, Hotel San Vicente Tourist alojamiento situado en Isabela Island que ofrecen servicios de alta calidad y asequibles para los viajeros.\" \/>\n<meta name=\"robots\" content=\"index, follow, max-snippet:-1, max-image-preview:large, max-video-preview:-1\" \/>\n<link rel=\"canonical\" href=\"https:\/\/hotelsanvicentegalapagos.com\/es\/instalaciones\/\" \/>\n<meta property=\"og:locale\" content=\"en_US\" \/>\n<meta property=\"og:type\" content=\"article\" \/>\n<meta property=\"og:title\" content=\"Hoteles Galapagos | Hotel San Vicente Galapagos | Hoteles isla Isabela\" \/>\n<meta property=\"og:description\" content=\"Hoteles Gal\u00e1pagos, Hotel San Vicente Tourist alojamiento situado en Isabela Island que ofrecen servicios de alta calidad y asequibles para los viajeros.\" \/>\n<meta property=\"og:url\" content=\"https:\/\/hotelsanvicentegalapagos.com\/es\/instalaciones\/\" \/>\n<meta property=\"og:site_name\" content=\"San Vicente Hotel Galapagos\" \/>\n<meta property=\"article:publisher\" content=\"https:\/\/www.facebook.com\/sanvicentegalapagoshotel\/\" \/>\n<meta property=\"article:modified_time\" content=\"2020-03-06T16:54:13+00:00\" \/>\n<meta name=\"twitter:card\" content=\"summary_large_image\" \/>\n<meta name=\"twitter:label1\" content=\"Est. reading time\" \/>\n\t<meta name=\"twitter:data1\" content=\"2 minutes\" \/>\n<script type=\"application\/ld+json\" class=\"yoast-schema-graph\">{\"@context\":\"https:\/\/schema.org\",\"@graph\":[{\"@type\":\"WebPage\",\"@id\":\"https:\/\/hotelsanvicentegalapagos.com\/es\/instalaciones\/\",\"url\":\"https:\/\/hotelsanvicentegalapagos.com\/es\/instalaciones\/\",\"name\":\"Hoteles Galapagos | Hotel San Vicente Galapagos | Hoteles isla Isabela\",\"isPartOf\":{\"@id\":\"https:\/\/hotelsanvicentegalapagos.com\/es\/#website\"},\"datePublished\":\"2020-03-03T17:21:32+00:00\",\"dateModified\":\"2020-03-06T16:54:13+00:00\",\"description\":\"Hoteles Gal\u00e1pagos, Hotel San Vicente Tourist alojamiento situado en Isabela Island que ofrecen servicios de alta calidad y asequibles para los viajeros.\",\"breadcrumb\":{\"@id\":\"https:\/\/hotelsanvicentegalapagos.com\/es\/instalaciones\/#breadcrumb\"},\"inLanguage\":\"en-US\",\"potentialAction\":[{\"@type\":\"ReadAction\",\"target\":[\"https:\/\/hotelsanvicentegalapagos.com\/es\/instalaciones\/\"]}]},{\"@type\":\"BreadcrumbList\",\"@id\":\"https:\/\/hotelsanvicentegalapagos.com\/es\/instalaciones\/#breadcrumb\",\"itemListElement\":[{\"@type\":\"ListItem\",\"position\":1,\"name\":\"Home\",\"item\":\"https:\/\/hotelsanvicentegalapagos.com\/es\/\"},{\"@type\":\"ListItem\",\"position\":2,\"name\":\"Instalaciones\"}]},{\"@type\":\"WebSite\",\"@id\":\"https:\/\/hotelsanvicentegalapagos.com\/es\/#website\",\"url\":\"https:\/\/hotelsanvicentegalapagos.com\/es\/\",\"name\":\"San Vicente Hotel Galapagos\",\"description\":\"Isla Isabela Galapagos\",\"publisher\":{\"@id\":\"https:\/\/hotelsanvicentegalapagos.com\/es\/#organization\"},\"potentialAction\":[{\"@type\":\"SearchAction\",\"target\":{\"@type\":\"EntryPoint\",\"urlTemplate\":\"https:\/\/hotelsanvicentegalapagos.com\/es\/?s={search_term_string}\"},\"query-input\":{\"@type\":\"PropertyValueSpecification\",\"valueRequired\":true,\"valueName\":\"search_term_string\"}}],\"inLanguage\":\"en-US\"},{\"@type\":\"Organization\",\"@id\":\"https:\/\/hotelsanvicentegalapagos.com\/es\/#organization\",\"name\":\"Hotel San Vicente Galapagos\",\"url\":\"https:\/\/hotelsanvicentegalapagos.com\/es\/\",\"logo\":{\"@type\":\"ImageObject\",\"inLanguage\":\"en-US\",\"@id\":\"https:\/\/hotelsanvicentegalapagos.com\/es\/#\/schema\/logo\/image\/\",\"url\":\"https:\/\/hotelsanvicentegalapagos.com\/es\/wp-content\/uploads\/sites\/2\/2016\/11\/san-vicente-hote-galapagos-logo.png\",\"contentUrl\":\"https:\/\/hotelsanvicentegalapagos.com\/es\/wp-content\/uploads\/sites\/2\/2016\/11\/san-vicente-hote-galapagos-logo.png\",\"width\":292,\"height\":196,\"caption\":\"Hotel San Vicente Galapagos\"},\"image\":{\"@id\":\"https:\/\/hotelsanvicentegalapagos.com\/es\/#\/schema\/logo\/image\/\"},\"sameAs\":[\"https:\/\/www.facebook.com\/sanvicentegalapagoshotel\/\"]}]}<\/script>\n<!-- \/ Yoast SEO plugin. -->","yoast_head_json":{"title":"Hoteles Galapagos | Hotel San Vicente Galapagos | Hoteles isla Isabela","description":"Hoteles Gal\u00e1pagos, Hotel San Vicente Tourist alojamiento situado en Isabela Island que ofrecen servicios de alta calidad y asequibles para los viajeros.","robots":{"index":"index","follow":"follow","max-snippet":"max-snippet:-1","max-image-preview":"max-image-preview:large","max-video-preview":"max-video-preview:-1"},"canonical":"https:\/\/hotelsanvicentegalapagos.com\/es\/instalaciones\/","og_locale":"en_US","og_type":"article","og_title":"Hoteles Galapagos | Hotel San Vicente Galapagos | Hoteles isla Isabela","og_description":"Hoteles Gal\u00e1pagos, Hotel San Vicente Tourist alojamiento situado en Isabela Island que ofrecen servicios de alta calidad y asequibles para los viajeros.","og_url":"https:\/\/hotelsanvicentegalapagos.com\/es\/instalaciones\/","og_site_name":"San Vicente Hotel Galapagos","article_publisher":"https:\/\/www.facebook.com\/sanvicentegalapagoshotel\/","article_modified_time":"2020-03-06T16:54:13+00:00","twitter_card":"summary_large_image","twitter_misc":{"Est. reading time":"2 minutes"},"schema":{"@context":"https:\/\/schema.org","@graph":[{"@type":"WebPage","@id":"https:\/\/hotelsanvicentegalapagos.com\/es\/instalaciones\/","url":"https:\/\/hotelsanvicentegalapagos.com\/es\/instalaciones\/","name":"Hoteles Galapagos | Hotel San Vicente Galapagos | Hoteles isla Isabela","isPartOf":{"@id":"https:\/\/hotelsanvicentegalapagos.com\/es\/#website"},"datePublished":"2020-03-03T17:21:32+00:00","dateModified":"2020-03-06T16:54:13+00:00","description":"Hoteles Gal\u00e1pagos, Hotel San Vicente Tourist alojamiento situado en Isabela Island que ofrecen servicios de alta calidad y asequibles para los viajeros.","breadcrumb":{"@id":"https:\/\/hotelsanvicentegalapagos.com\/es\/instalaciones\/#breadcrumb"},"inLanguage":"en-US","potentialAction":[{"@type":"ReadAction","target":["https:\/\/hotelsanvicentegalapagos.com\/es\/instalaciones\/"]}]},{"@type":"BreadcrumbList","@id":"https:\/\/hotelsanvicentegalapagos.com\/es\/instalaciones\/#breadcrumb","itemListElement":[{"@type":"ListItem","position":1,"name":"Home","item":"https:\/\/hotelsanvicentegalapagos.com\/es\/"},{"@type":"ListItem","position":2,"name":"Instalaciones"}]},{"@type":"WebSite","@id":"https:\/\/hotelsanvicentegalapagos.com\/es\/#website","url":"https:\/\/hotelsanvicentegalapagos.com\/es\/","name":"San Vicente Hotel Galapagos","description":"Isla Isabela Galapagos","publisher":{"@id":"https:\/\/hotelsanvicentegalapagos.com\/es\/#organization"},"potentialAction":[{"@type":"SearchAction","target":{"@type":"EntryPoint","urlTemplate":"https:\/\/hotelsanvicentegalapagos.com\/es\/?s={search_term_string}"},"query-input":{"@type":"PropertyValueSpecification","valueRequired":true,"valueName":"search_term_string"}}],"inLanguage":"en-US"},{"@type":"Organization","@id":"https:\/\/hotelsanvicentegalapagos.com\/es\/#organization","name":"Hotel San Vicente Galapagos","url":"https:\/\/hotelsanvicentegalapagos.com\/es\/","logo":{"@type":"ImageObject","inLanguage":"en-US","@id":"https:\/\/hotelsanvicentegalapagos.com\/es\/#\/schema\/logo\/image\/","url":"https:\/\/hotelsanvicentegalapagos.com\/es\/wp-content\/uploads\/sites\/2\/2016\/11\/san-vicente-hote-galapagos-logo.png","contentUrl":"https:\/\/hotelsanvicentegalapagos.com\/es\/wp-content\/uploads\/sites\/2\/2016\/11\/san-vicente-hote-galapagos-logo.png","width":292,"height":196,"caption":"Hotel San Vicente Galapagos"},"image":{"@id":"https:\/\/hotelsanvicentegalapagos.com\/es\/#\/schema\/logo\/image\/"},"sameAs":["https:\/\/www.facebook.com\/sanvicentegalapagoshotel\/"]}]}},"_links":{"self":[{"href":"https:\/\/hotelsanvicentegalapagos.com\/es\/wp-json\/wp\/v2\/pages\/2863","targetHints":{"allow":["GET"]}}],"collection":[{"href":"https:\/\/hotelsanvicentegalapagos.com\/es\/wp-json\/wp\/v2\/pages"}],"about":[{"href":"https:\/\/hotelsanvicentegalapagos.com\/es\/wp-json\/wp\/v2\/types\/page"}],"author":[{"embeddable":true,"href":"https:\/\/hotelsanvicentegalapagos.com\/es\/wp-json\/wp\/v2\/users\/1"}],"replies":[{"embeddable":true,"href":"https:\/\/hotelsanvicentegalapagos.com\/es\/wp-json\/wp\/v2\/comments?post=2863"}],"version-history":[{"count":7,"href":"https:\/\/hotelsanvicentegalapagos.com\/es\/wp-json\/wp\/v2\/pages\/2863\/revisions"}],"predecessor-version":[{"id":3046,"href":"https:\/\/hotelsanvicentegalapagos.com\/es\/wp-json\/wp\/v2\/pages\/2863\/revisions\/3046"}],"wp:attachment":[{"href":"https:\/\/hotelsanvicentegalapagos.com\/es\/wp-json\/wp\/v2\/media?parent=2863"}],"curies":[{"name":"wp","href":"https:\/\/api.w.org\/{rel}","templated":true}]}}