{"id":2866,"date":"2020-03-03T17:29:08","date_gmt":"2020-03-03T17:29:08","guid":{"rendered":"http:\/\/hotelsanvicentegalapagos.com\/es\/?page_id=2866"},"modified":"2020-03-06T16:56:03","modified_gmt":"2020-03-06T16:56:03","slug":"tours-galapagos","status":"publish","type":"page","link":"https:\/\/hotelsanvicentegalapagos.com\/es\/tours-galapagos\/","title":{"rendered":"Tours Gal\u00e1pagos"},"content":{"rendered":"[vc_row][vc_column][vc_row_inner][vc_column_inner][vc_empty_space height=&#8221;73px&#8221;][\/vc_column_inner][\/vc_row_inner][vc_row_inner][vc_column_inner width=&#8221;1\/3&#8243;][vc_empty_space height=&#8221;15px&#8221;][vc_custom_heading text=&#8221;Tours<br \/>\nGal\u00e1pagos&#8221; font_container=&#8221;tag:h2|font_size:40px|text_align:center|line_height:47px&#8221; use_theme_fonts=&#8221;yes&#8221;][\/vc_column_inner][vc_column_inner width=&#8221;2\/3&#8243;][vc_column_text]\n<h4 style=\"text-align: justify;\">Son paquetes de viaje terrestres flexibles del hotel Gal\u00e1pagos que le permiten explorar las Gal\u00e1pagos.<\/h4>\n<h4 style=\"text-align: justify;\">Con esta modalidad de viaje, puede tener un primer plano de la vida silvestre, disfrutar de itinerarios activos y esperar encuentros amistosos con la cultura local. Los tours basados en Gal\u00e1pagos Land son lo suficientemente flexibles como para comenzar cualquier d\u00eda de la semana.<\/h4>\n<h4 style=\"text-align: justify;\">Los tours de salto a la isla de Gal\u00e1pagos se dividen en tres modalidades:<\/h4>\n[\/vc_column_text][\/vc_column_inner][\/vc_row_inner][\/vc_column][\/vc_row][vc_row][vc_column width=&#8221;1\/3&#8243;][vc_single_image image=&#8221;2980&#8243; img_size=&#8221;350&#215;250&#8243; alignment=&#8221;center&#8221; style=&#8221;vc_box_rounded&#8221; onclick=&#8221;link_image&#8221;][vc_column_text]\n<p style=\"text-align: center;\"><span style=\"color: #000000;\"><strong style=\"font-size: 16px;\">Visitas cl\u00e1sicas est\u00e1ndar<\/strong><\/span><\/p>\n<p style=\"text-align: center;\"><span style=\"color: #000000;\"><strong style=\"font-size: 16px;\">Incluye nuestro <a href=\"http:\/\/hotelsanvicentegalapagos.com\/es\/magica-isabela\/\"><span style=\"color: #009c9d;\">Magia de Isabela<\/span><\/a> y <span style=\"color: #009c9d;\"><a style=\"color: #009c9d;\" href=\"http:\/\/hotelsanvicentegalapagos.com\/es\/galapagos-oceano\/\">Gal\u00e1pagos Oc\u00e9ano.<\/a><\/span><\/strong><\/span><\/p>\n[\/vc_column_text][vc_empty_space height=&#8221;30px&#8221;][\/vc_column][vc_column width=&#8221;1\/3&#8243;][vc_single_image image=&#8221;2981&#8243; img_size=&#8221;350&#215;250&#8243; alignment=&#8221;center&#8221; style=&#8221;vc_box_rounded&#8221; onclick=&#8221;link_image&#8221;][vc_column_text]\n<p style=\"text-align: center;\"><span style=\"color: #000000;\"><strong style=\"font-size: 16px;\">Tours Especializados<\/strong><\/span><\/p>\n<p style=\"text-align: center;\"><span style=\"color: #000000;\"><strong style=\"font-size: 16px;\">Incluye Tour de Aventura y Experiencia de buceo en Gal\u00e1pagos.<\/strong><\/span><\/p>\n[\/vc_column_text][vc_empty_space height=&#8221;30px&#8221;][\/vc_column][vc_column width=&#8221;1\/3&#8243;][vc_single_image image=&#8221;2979&#8243; img_size=&#8221;350&#215;250&#8243; alignment=&#8221;center&#8221; style=&#8221;vc_box_rounded&#8221; onclick=&#8221;link_image&#8221;][vc_column_text]\n<p style=\"text-align: center;\"><span style=\"color: #000000;\"><strong style=\"font-size: 16px;\">Otros Tours de Modalidad<\/strong><\/span><\/p>\n<p style=\"text-align: center;\"><span style=\"color: #000000;\"><strong style=\"font-size: 16px;\">Incluye Experiencia de Navegaci\u00f3n en Galapagos\u00a0 &amp;\u00a0 Los Tuneles Tour.<\/strong><\/span><\/p>\n[\/vc_column_text][vc_empty_space height=&#8221;30px&#8221;][\/vc_column][\/vc_row][vc_row][vc_column width=&#8221;2\/3&#8243;][vc_column_text]\n<p style=\"text-align: center;\"><span style=\"color: #000000;\"><strong style=\"font-size: 24px;\">Tours basados en hoteles en Gal\u00e1pagos<\/strong><\/span><\/p>\n<p style=\"text-align: center;\"><span style=\"color: #000000;\"><strong style=\"font-size: 16px;\">Como parte del GRUPO SAN VICENTE HOTELS, La Laguna Galapagos Hotel ofrece muchos tours terrestres en Gal\u00e1pagos.<\/strong><\/span><\/p>\n<p style=\"text-align: center;\"><span style=\"color: #000000;\"><strong style=\"font-size: 13px;\">Para algunos programas utilizamos nuestros propios hoteles en Gal\u00e1pagos como:<\/strong><\/span><\/p>\n[\/vc_column_text][vc_row_inner][vc_column_inner width=&#8221;1\/3&#8243;][vc_single_image image=&#8221;2983&#8243; img_size=&#8221;350&#215;250&#8243; alignment=&#8221;center&#8221; style=&#8221;vc_box_rounded&#8221; onclick=&#8221;link_image&#8221;][vc_column_text]\n<p style=\"text-align: center;\"><span style=\"color: #000000;\"><strong style=\"font-size: 16px;\">San Vicente Gal\u00e1pagos<br \/>\nHotel<\/strong><\/span><\/p>\n<p style=\"text-align: center;\"><span style=\"color: #000000;\"><strong style=\"font-size: 13px;\">(Clase Turista)<\/strong><\/span><\/p>\n[\/vc_column_text][\/vc_column_inner][vc_column_inner width=&#8221;1\/3&#8243;][vc_single_image image=&#8221;2984&#8243; img_size=&#8221;350&#215;250&#8243; alignment=&#8221;center&#8221; style=&#8221;vc_box_rounded&#8221; onclick=&#8221;link_image&#8221;][vc_column_text]\n<p style=\"text-align: center;\"><span style=\"color: #000000;\"><strong style=\"font-size: 16px;\">La Laguna Gal\u00e1pagos<br \/>\nHotel<\/strong><\/span><\/p>\n<p style=\"text-align: center;\"><span style=\"color: #000000;\"><strong style=\"font-size: 13px;\">(Clase Turista Superior)<\/strong><\/span><\/p>\n[\/vc_column_text][\/vc_column_inner][vc_column_inner width=&#8221;1\/3&#8243;][vc_single_image image=&#8221;2982&#8243; img_size=&#8221;350&#215;250&#8243; alignment=&#8221;center&#8221; style=&#8221;vc_box_rounded&#8221; onclick=&#8221;link_image&#8221;][vc_column_text]\n<p style=\"text-align: center;\"><span style=\"color: #000000;\"><strong style=\"font-size: 16px;\">Hostal Villamil<br \/>\nGal\u00e1pagos<\/strong><\/span><\/p>\n<p style=\"text-align: center;\"><span style=\"color: #000000;\"><strong style=\"font-size: 13px;\">(Clase Turista)<\/strong><\/span><\/p>\n[\/vc_column_text][\/vc_column_inner][\/vc_row_inner][vc_empty_space][vc_column_text]\n<p style=\"text-align: justify;\"><span style=\"color: #000000;\"><strong style=\"font-size: 16px;\">Uso web de los servicios locales en todos nuestros paquetes: gu\u00edas locales, hoteles alternativos, transporte y lanchas r\u00e1pidas locales con el fin de contribuir al turismo sostenible y preservar el medio ambiente y la econom\u00eda de la isla de Isabela.<\/strong><\/span><\/p>\n[\/vc_column_text][\/vc_column][vc_column width=&#8221;1\/3&#8243;][vc_row_inner css=&#8221;.vc_custom_1583360237808{background-image: url(http:\/\/hotelsanvicentegalapagos.com\/es\/wp-content\/uploads\/sites\/2\/2020\/03\/tours4-1.jpg?id=2985) !important;background-position: center !important;background-repeat: no-repeat !important;background-size: cover !important;}&#8221;][vc_column_inner][vc_empty_space height=&#8221;500px&#8221;][\/vc_column_inner][\/vc_row_inner][\/vc_column][\/vc_row]\n","protected":false},"excerpt":{"rendered":"<p>[vc_row][vc_column][vc_row_inner][vc_column_inner][vc_empty_space height=&#8221;73px&#8221;][\/vc_column_inner][\/vc_row_inner][vc_row_inner][vc_column_inner width=&#8221;1\/3&#8243;][vc_empty_space height=&#8221;15px&#8221;][vc_custom_heading text=&#8221;Tours Gal\u00e1pagos&#8221; font_container=&#8221;tag:h2|font_size:40px|text_align:center|line_height:47px&#8221; use_theme_fonts=&#8221;yes&#8221;][\/vc_column_inner][vc_column_inner width=&#8221;2\/3&#8243;][vc_column_text] Son paquetes de viaje terrestres flexibles del hotel Gal\u00e1pagos que le [&hellip;]<\/p>\n","protected":false},"author":1,"featured_media":0,"parent":0,"menu_order":0,"comment_status":"open","ping_status":"closed","template":"","meta":{"footnotes":""},"class_list":["post-2866","page","type-page","status-publish","hentry"],"yoast_head":"<!-- This site is optimized with the Yoast SEO plugin v27.2 - https:\/\/yoast.com\/product\/yoast-seo-wordpress\/ -->\n<title>Hoteles Galapagos | Hotel San Vicente Galapagos | Galapagos Tours<\/title>\n<meta name=\"description\" content=\"Hoteles Gal\u00e1pagos, Hotel San Vicente Tourist alojamiento situado en Isabela Island que ofrecen servicios de alta calidad y asequibles para los viajeros.\" \/>\n<meta name=\"robots\" content=\"index, follow, max-snippet:-1, max-image-preview:large, max-video-preview:-1\" \/>\n<link rel=\"canonical\" href=\"https:\/\/hotelsanvicentegalapagos.com\/es\/tours-galapagos\/\" \/>\n<meta property=\"og:locale\" content=\"en_US\" \/>\n<meta property=\"og:type\" content=\"article\" \/>\n<meta property=\"og:title\" content=\"Hoteles Galapagos | Hotel San Vicente Galapagos | Galapagos Tours\" \/>\n<meta property=\"og:description\" content=\"Hoteles Gal\u00e1pagos, Hotel San Vicente Tourist alojamiento situado en Isabela Island que ofrecen servicios de alta calidad y asequibles para los viajeros.\" \/>\n<meta property=\"og:url\" content=\"https:\/\/hotelsanvicentegalapagos.com\/es\/tours-galapagos\/\" \/>\n<meta property=\"og:site_name\" content=\"San Vicente Hotel Galapagos\" \/>\n<meta property=\"article:publisher\" content=\"https:\/\/www.facebook.com\/sanvicentegalapagoshotel\/\" \/>\n<meta property=\"article:modified_time\" content=\"2020-03-06T16:56:03+00:00\" \/>\n<meta name=\"twitter:card\" content=\"summary_large_image\" \/>\n<meta name=\"twitter:label1\" content=\"Est. reading time\" \/>\n\t<meta name=\"twitter:data1\" content=\"3 minutes\" \/>\n<script type=\"application\/ld+json\" class=\"yoast-schema-graph\">{\"@context\":\"https:\/\/schema.org\",\"@graph\":[{\"@type\":\"WebPage\",\"@id\":\"https:\/\/hotelsanvicentegalapagos.com\/es\/tours-galapagos\/\",\"url\":\"https:\/\/hotelsanvicentegalapagos.com\/es\/tours-galapagos\/\",\"name\":\"Hoteles Galapagos | Hotel San Vicente Galapagos | Galapagos Tours\",\"isPartOf\":{\"@id\":\"https:\/\/hotelsanvicentegalapagos.com\/es\/#website\"},\"datePublished\":\"2020-03-03T17:29:08+00:00\",\"dateModified\":\"2020-03-06T16:56:03+00:00\",\"description\":\"Hoteles Gal\u00e1pagos, Hotel San Vicente Tourist alojamiento situado en Isabela Island que ofrecen servicios de alta calidad y asequibles para los viajeros.\",\"breadcrumb\":{\"@id\":\"https:\/\/hotelsanvicentegalapagos.com\/es\/tours-galapagos\/#breadcrumb\"},\"inLanguage\":\"en-US\",\"potentialAction\":[{\"@type\":\"ReadAction\",\"target\":[\"https:\/\/hotelsanvicentegalapagos.com\/es\/tours-galapagos\/\"]}]},{\"@type\":\"BreadcrumbList\",\"@id\":\"https:\/\/hotelsanvicentegalapagos.com\/es\/tours-galapagos\/#breadcrumb\",\"itemListElement\":[{\"@type\":\"ListItem\",\"position\":1,\"name\":\"Home\",\"item\":\"https:\/\/hotelsanvicentegalapagos.com\/es\/\"},{\"@type\":\"ListItem\",\"position\":2,\"name\":\"Tours Gal\u00e1pagos\"}]},{\"@type\":\"WebSite\",\"@id\":\"https:\/\/hotelsanvicentegalapagos.com\/es\/#website\",\"url\":\"https:\/\/hotelsanvicentegalapagos.com\/es\/\",\"name\":\"San Vicente Hotel Galapagos\",\"description\":\"Isla Isabela Galapagos\",\"publisher\":{\"@id\":\"https:\/\/hotelsanvicentegalapagos.com\/es\/#organization\"},\"potentialAction\":[{\"@type\":\"SearchAction\",\"target\":{\"@type\":\"EntryPoint\",\"urlTemplate\":\"https:\/\/hotelsanvicentegalapagos.com\/es\/?s={search_term_string}\"},\"query-input\":{\"@type\":\"PropertyValueSpecification\",\"valueRequired\":true,\"valueName\":\"search_term_string\"}}],\"inLanguage\":\"en-US\"},{\"@type\":\"Organization\",\"@id\":\"https:\/\/hotelsanvicentegalapagos.com\/es\/#organization\",\"name\":\"Hotel San Vicente Galapagos\",\"url\":\"https:\/\/hotelsanvicentegalapagos.com\/es\/\",\"logo\":{\"@type\":\"ImageObject\",\"inLanguage\":\"en-US\",\"@id\":\"https:\/\/hotelsanvicentegalapagos.com\/es\/#\/schema\/logo\/image\/\",\"url\":\"https:\/\/hotelsanvicentegalapagos.com\/es\/wp-content\/uploads\/sites\/2\/2016\/11\/san-vicente-hote-galapagos-logo.png\",\"contentUrl\":\"https:\/\/hotelsanvicentegalapagos.com\/es\/wp-content\/uploads\/sites\/2\/2016\/11\/san-vicente-hote-galapagos-logo.png\",\"width\":292,\"height\":196,\"caption\":\"Hotel San Vicente Galapagos\"},\"image\":{\"@id\":\"https:\/\/hotelsanvicentegalapagos.com\/es\/#\/schema\/logo\/image\/\"},\"sameAs\":[\"https:\/\/www.facebook.com\/sanvicentegalapagoshotel\/\"]}]}<\/script>\n<!-- \/ Yoast SEO plugin. -->","yoast_head_json":{"title":"Hoteles Galapagos | Hotel San Vicente Galapagos | Galapagos Tours","description":"Hoteles Gal\u00e1pagos, Hotel San Vicente Tourist alojamiento situado en Isabela Island que ofrecen servicios de alta calidad y asequibles para los viajeros.","robots":{"index":"index","follow":"follow","max-snippet":"max-snippet:-1","max-image-preview":"max-image-preview:large","max-video-preview":"max-video-preview:-1"},"canonical":"https:\/\/hotelsanvicentegalapagos.com\/es\/tours-galapagos\/","og_locale":"en_US","og_type":"article","og_title":"Hoteles Galapagos | Hotel San Vicente Galapagos | Galapagos Tours","og_description":"Hoteles Gal\u00e1pagos, Hotel San Vicente Tourist alojamiento situado en Isabela Island que ofrecen servicios de alta calidad y asequibles para los viajeros.","og_url":"https:\/\/hotelsanvicentegalapagos.com\/es\/tours-galapagos\/","og_site_name":"San Vicente Hotel Galapagos","article_publisher":"https:\/\/www.facebook.com\/sanvicentegalapagoshotel\/","article_modified_time":"2020-03-06T16:56:03+00:00","twitter_card":"summary_large_image","twitter_misc":{"Est. reading time":"3 minutes"},"schema":{"@context":"https:\/\/schema.org","@graph":[{"@type":"WebPage","@id":"https:\/\/hotelsanvicentegalapagos.com\/es\/tours-galapagos\/","url":"https:\/\/hotelsanvicentegalapagos.com\/es\/tours-galapagos\/","name":"Hoteles Galapagos | Hotel San Vicente Galapagos | Galapagos Tours","isPartOf":{"@id":"https:\/\/hotelsanvicentegalapagos.com\/es\/#website"},"datePublished":"2020-03-03T17:29:08+00:00","dateModified":"2020-03-06T16:56:03+00:00","description":"Hoteles Gal\u00e1pagos, Hotel San Vicente Tourist alojamiento situado en Isabela Island que ofrecen servicios de alta calidad y asequibles para los viajeros.","breadcrumb":{"@id":"https:\/\/hotelsanvicentegalapagos.com\/es\/tours-galapagos\/#breadcrumb"},"inLanguage":"en-US","potentialAction":[{"@type":"ReadAction","target":["https:\/\/hotelsanvicentegalapagos.com\/es\/tours-galapagos\/"]}]},{"@type":"BreadcrumbList","@id":"https:\/\/hotelsanvicentegalapagos.com\/es\/tours-galapagos\/#breadcrumb","itemListElement":[{"@type":"ListItem","position":1,"name":"Home","item":"https:\/\/hotelsanvicentegalapagos.com\/es\/"},{"@type":"ListItem","position":2,"name":"Tours Gal\u00e1pagos"}]},{"@type":"WebSite","@id":"https:\/\/hotelsanvicentegalapagos.com\/es\/#website","url":"https:\/\/hotelsanvicentegalapagos.com\/es\/","name":"San Vicente Hotel Galapagos","description":"Isla Isabela Galapagos","publisher":{"@id":"https:\/\/hotelsanvicentegalapagos.com\/es\/#organization"},"potentialAction":[{"@type":"SearchAction","target":{"@type":"EntryPoint","urlTemplate":"https:\/\/hotelsanvicentegalapagos.com\/es\/?s={search_term_string}"},"query-input":{"@type":"PropertyValueSpecification","valueRequired":true,"valueName":"search_term_string"}}],"inLanguage":"en-US"},{"@type":"Organization","@id":"https:\/\/hotelsanvicentegalapagos.com\/es\/#organization","name":"Hotel San Vicente Galapagos","url":"https:\/\/hotelsanvicentegalapagos.com\/es\/","logo":{"@type":"ImageObject","inLanguage":"en-US","@id":"https:\/\/hotelsanvicentegalapagos.com\/es\/#\/schema\/logo\/image\/","url":"https:\/\/hotelsanvicentegalapagos.com\/es\/wp-content\/uploads\/sites\/2\/2016\/11\/san-vicente-hote-galapagos-logo.png","contentUrl":"https:\/\/hotelsanvicentegalapagos.com\/es\/wp-content\/uploads\/sites\/2\/2016\/11\/san-vicente-hote-galapagos-logo.png","width":292,"height":196,"caption":"Hotel San Vicente Galapagos"},"image":{"@id":"https:\/\/hotelsanvicentegalapagos.com\/es\/#\/schema\/logo\/image\/"},"sameAs":["https:\/\/www.facebook.com\/sanvicentegalapagoshotel\/"]}]}},"_links":{"self":[{"href":"https:\/\/hotelsanvicentegalapagos.com\/es\/wp-json\/wp\/v2\/pages\/2866","targetHints":{"allow":["GET"]}}],"collection":[{"href":"https:\/\/hotelsanvicentegalapagos.com\/es\/wp-json\/wp\/v2\/pages"}],"about":[{"href":"https:\/\/hotelsanvicentegalapagos.com\/es\/wp-json\/wp\/v2\/types\/page"}],"author":[{"embeddable":true,"href":"https:\/\/hotelsanvicentegalapagos.com\/es\/wp-json\/wp\/v2\/users\/1"}],"replies":[{"embeddable":true,"href":"https:\/\/hotelsanvicentegalapagos.com\/es\/wp-json\/wp\/v2\/comments?post=2866"}],"version-history":[{"count":10,"href":"https:\/\/hotelsanvicentegalapagos.com\/es\/wp-json\/wp\/v2\/pages\/2866\/revisions"}],"predecessor-version":[{"id":3058,"href":"https:\/\/hotelsanvicentegalapagos.com\/es\/wp-json\/wp\/v2\/pages\/2866\/revisions\/3058"}],"wp:attachment":[{"href":"https:\/\/hotelsanvicentegalapagos.com\/es\/wp-json\/wp\/v2\/media?parent=2866"}],"curies":[{"name":"wp","href":"https:\/\/api.w.org\/{rel}","templated":true}]}}