{"id":2894,"date":"2020-03-03T18:02:27","date_gmt":"2020-03-03T18:02:27","guid":{"rendered":"http:\/\/hotelsanvicentegalapagos.com\/es\/?page_id=2894"},"modified":"2020-03-06T17:00:43","modified_gmt":"2020-03-06T17:00:43","slug":"magica-isabela","status":"publish","type":"page","link":"https:\/\/hotelsanvicentegalapagos.com\/es\/magica-isabela\/","title":{"rendered":"Magica Isabela"},"content":{"rendered":"[vc_row][vc_column][vc_row_inner][vc_column_inner][vc_empty_space height=&#8221;73px&#8221;][\/vc_column_inner][\/vc_row_inner][vc_row_inner][vc_column_inner][vc_custom_heading text=&#8221;Magica Isabela&#8221; font_container=&#8221;tag:h2|font_size:40px|text_align:center|line_height:47px&#8221; use_theme_fonts=&#8221;yes&#8221;][vc_column_text]\n<h4>Magic of Isabela Galapagos land tours te lleva a Puerto Villamil \u2013 Isabela Island, donde puedes caminar por sus largas playas de arena blanca bordeadas de palmeras. Disfrute de la belleza esc\u00e9nica de varias lagunas de agua salobre frecuentadas por whimbrels, flamencos rosados, gallinules, zancos comunes y coletas de mejillas blancas.<\/h4>\n<h4>Los tours Magic of Isabela tambi\u00e9n incluyen una visita al cr\u00e1ter Chico y al Volc\u00e1n Sierra Negra, siendo este \u00faltimo el segundo cr\u00e1ter m\u00e1s grande del mundo (con un di\u00e1metro de 11km). Snorkeling y recorrer los Islotes Tintoreras, ubicados a 10 minutos de Puerto Villamil, que juega una gran variedad de vida silvestre y paisajes naturales.<\/h4>\n[\/vc_column_text][vc_column_text]\n<p style=\"text-align: center;\"><strong style=\"font-size: 20px;\">Tours Cl\u00e1sicos Est\u00e1ndar<\/strong><\/p>\n[\/vc_column_text][\/vc_column_inner][\/vc_row_inner][\/vc_column][\/vc_row][vc_row][vc_column][vc_row_inner][vc_column_inner width=&#8221;1\/3&#8243;][vc_single_image image=&#8221;2991&#8243; img_size=&#8221;350&#215;250&#8243; alignment=&#8221;center&#8221; style=&#8221;vc_box_rounded&#8221; onclick=&#8221;custom_link&#8221; link=&#8221;http:\/\/hotelsanvicentegalapagos.com\/es\/4-dias-magia-solo-isabela\/&#8221;][vc_column_text]\n<p style=\"text-align: center;\"><a href=\"http:\/\/hotelsanvicentegalapagos.com\/es\/4-dias-magia-solo-isabela\/\"><span style=\"color: #000000;\"><strong style=\"font-size: 16px;\">4 D\u00edas &#8211; Magica Isabela<\/strong><\/span><\/a><\/p>\n<p style=\"text-align: center;\"><a href=\"http:\/\/hotelsanvicentegalapagos.com\/es\/4-dias-magia-solo-isabela\/\"><span style=\"color: #000000;\"><strong style=\"font-size: 13px;\">(Solo Isabela)<\/strong><\/span><\/a><\/p>\n[\/vc_column_text][vc_empty_space height=&#8221;30px&#8221;][\/vc_column_inner][vc_column_inner width=&#8221;1\/3&#8243;][vc_single_image image=&#8221;2990&#8243; img_size=&#8221;350&#215;250&#8243; alignment=&#8221;center&#8221; style=&#8221;vc_box_rounded&#8221; onclick=&#8221;custom_link&#8221; link=&#8221;http:\/\/hotelsanvicentegalapagos.com\/es\/4-dias-magia-de-isabela-2-islas\/&#8221;][vc_column_text]\n<p style=\"text-align: center;\"><a href=\"http:\/\/hotelsanvicentegalapagos.com\/es\/4-dias-magia-de-isabela-2-islas\/\"><span style=\"color: #000000;\"><strong style=\"font-size: 16px;\">4 D\u00edas &#8211; Magica Isabela<\/strong><\/span><\/a><a href=\"http:\/\/hotelsanvicentegalapagos.com\/4-day-magic-of-isabela-galapagos-land-based-tour\/\"><span style=\"color: #000000;\"><strong style=\"font-size: 13px;\"><br \/>\n<\/strong><\/span><\/a><\/p>\n[\/vc_column_text][vc_empty_space height=&#8221;30px&#8221;][\/vc_column_inner][vc_column_inner width=&#8221;1\/3&#8243;][vc_single_image image=&#8221;2989&#8243; img_size=&#8221;350&#215;250&#8243; alignment=&#8221;center&#8221; style=&#8221;vc_box_rounded&#8221; onclick=&#8221;custom_link&#8221; link=&#8221;http:\/\/hotelsanvicentegalapagos.com\/es\/5-dias-magia-de-isabela-isabela\/&#8221;][vc_column_text]\n<p style=\"text-align: center;\"><a href=\"http:\/\/hotelsanvicentegalapagos.com\/es\/5-dias-magia-de-isabela-isabela\/\"><span style=\"color: #000000;\"><strong style=\"font-size: 16px;\">5 D\u00edas &#8211; Magica Isabela<\/strong><\/span><\/a><\/p>\n[\/vc_column_text][vc_empty_space height=&#8221;30px&#8221;][\/vc_column_inner][\/vc_row_inner][vc_row_inner][vc_column_inner width=&#8221;1\/2&#8243;][vc_single_image image=&#8221;2988&#8243; img_size=&#8221;350&#215;250&#8243; alignment=&#8221;center&#8221; style=&#8221;vc_box_rounded&#8221; onclick=&#8221;custom_link&#8221; link=&#8221;http:\/\/hotelsanvicentegalapagos.com\/es\/6-dias-magia-de-isabela\/&#8221;][vc_column_text]\n<p style=\"text-align: center;\"><a href=\"http:\/\/hotelsanvicentegalapagos.com\/es\/6-dias-magia-de-isabela\/\"><span style=\"color: #000000;\"><strong style=\"font-size: 16px;\">6 D\u00edas &#8211; Magica Isabela<\/strong><\/span><\/a><\/p>\n[\/vc_column_text][vc_empty_space height=&#8221;30px&#8221;][\/vc_column_inner][vc_column_inner width=&#8221;1\/2&#8243;][vc_single_image image=&#8221;2979&#8243; img_size=&#8221;350&#215;250&#8243; alignment=&#8221;center&#8221; style=&#8221;vc_box_rounded&#8221; onclick=&#8221;custom_link&#8221; link=&#8221;http:\/\/hotelsanvicentegalapagos.com\/es\/8-dias-magia-de-isabela\/&#8221;][vc_column_text]\n<p style=\"text-align: center;\"><a href=\"http:\/\/hotelsanvicentegalapagos.com\/es\/8-dias-magia-de-isabela\/\"><span style=\"color: #000000;\"><strong style=\"font-size: 16px;\">8 D\u00edas &#8211; Magica Isabela<\/strong><\/span><\/a><a href=\"http:\/\/hotelsanvicentegalapagos.com\/4-day-magic-of-isabela-galapagos-land-based-tour\/\"><span style=\"color: #000000;\"><strong style=\"font-size: 13px;\"><br \/>\n<\/strong><\/span><\/a><\/p>\n[\/vc_column_text][vc_empty_space height=&#8221;30px&#8221;][\/vc_column_inner][\/vc_row_inner][\/vc_column][\/vc_row]\n","protected":false},"excerpt":{"rendered":"<p>[vc_row][vc_column][vc_row_inner][vc_column_inner][vc_empty_space height=&#8221;73px&#8221;][\/vc_column_inner][\/vc_row_inner][vc_row_inner][vc_column_inner][vc_custom_heading text=&#8221;Magica Isabela&#8221; font_container=&#8221;tag:h2|font_size:40px|text_align:center|line_height:47px&#8221; use_theme_fonts=&#8221;yes&#8221;][vc_column_text] Magic of Isabela Galapagos land tours te lleva a Puerto Villamil \u2013 Isabela Island, [&hellip;]<\/p>\n","protected":false},"author":1,"featured_media":0,"parent":0,"menu_order":0,"comment_status":"open","ping_status":"closed","template":"","meta":{"footnotes":""},"class_list":["post-2894","page","type-page","status-publish","hentry"],"yoast_head":"<!-- This site is optimized with the Yoast SEO plugin v27.2 - https:\/\/yoast.com\/product\/yoast-seo-wordpress\/ -->\n<title>Galapagos Land Tours | Magic of Isabela by San Vicente Hotel<\/title>\n<meta name=\"description\" content=\"Magia de Isabela Galapagos land tour por San Vicente Hotel tiene itinerarios para 4, 5, 6 &amp; 8 D\u00edas. Los tours incluyen alojamiento, 3 comidas y gu\u00edas.\" \/>\n<meta name=\"robots\" content=\"index, follow, max-snippet:-1, max-image-preview:large, max-video-preview:-1\" \/>\n<link rel=\"canonical\" href=\"https:\/\/hotelsanvicentegalapagos.com\/es\/magica-isabela\/\" \/>\n<meta property=\"og:locale\" content=\"en_US\" \/>\n<meta property=\"og:type\" content=\"article\" \/>\n<meta property=\"og:title\" content=\"Galapagos Land Tours | Magic of Isabela by San Vicente Hotel\" \/>\n<meta property=\"og:description\" content=\"Magia de Isabela Galapagos land tour por San Vicente Hotel tiene itinerarios para 4, 5, 6 &amp; 8 D\u00edas. Los tours incluyen alojamiento, 3 comidas y gu\u00edas.\" \/>\n<meta property=\"og:url\" content=\"https:\/\/hotelsanvicentegalapagos.com\/es\/magica-isabela\/\" \/>\n<meta property=\"og:site_name\" content=\"San Vicente Hotel Galapagos\" \/>\n<meta property=\"article:publisher\" content=\"https:\/\/www.facebook.com\/sanvicentegalapagoshotel\/\" \/>\n<meta property=\"article:modified_time\" content=\"2020-03-06T17:00:43+00:00\" \/>\n<meta name=\"twitter:card\" content=\"summary_large_image\" \/>\n<meta name=\"twitter:label1\" content=\"Est. reading time\" \/>\n\t<meta name=\"twitter:data1\" content=\"2 minutes\" \/>\n<script type=\"application\/ld+json\" class=\"yoast-schema-graph\">{\"@context\":\"https:\/\/schema.org\",\"@graph\":[{\"@type\":\"WebPage\",\"@id\":\"https:\/\/hotelsanvicentegalapagos.com\/es\/magica-isabela\/\",\"url\":\"https:\/\/hotelsanvicentegalapagos.com\/es\/magica-isabela\/\",\"name\":\"Galapagos Land Tours | Magic of Isabela by San Vicente Hotel\",\"isPartOf\":{\"@id\":\"https:\/\/hotelsanvicentegalapagos.com\/es\/#website\"},\"datePublished\":\"2020-03-03T18:02:27+00:00\",\"dateModified\":\"2020-03-06T17:00:43+00:00\",\"description\":\"Magia de Isabela Galapagos land tour por San Vicente Hotel tiene itinerarios para 4, 5, 6 & 8 D\u00edas. Los tours incluyen alojamiento, 3 comidas y gu\u00edas.\",\"breadcrumb\":{\"@id\":\"https:\/\/hotelsanvicentegalapagos.com\/es\/magica-isabela\/#breadcrumb\"},\"inLanguage\":\"en-US\",\"potentialAction\":[{\"@type\":\"ReadAction\",\"target\":[\"https:\/\/hotelsanvicentegalapagos.com\/es\/magica-isabela\/\"]}]},{\"@type\":\"BreadcrumbList\",\"@id\":\"https:\/\/hotelsanvicentegalapagos.com\/es\/magica-isabela\/#breadcrumb\",\"itemListElement\":[{\"@type\":\"ListItem\",\"position\":1,\"name\":\"Home\",\"item\":\"https:\/\/hotelsanvicentegalapagos.com\/es\/\"},{\"@type\":\"ListItem\",\"position\":2,\"name\":\"Magica Isabela\"}]},{\"@type\":\"WebSite\",\"@id\":\"https:\/\/hotelsanvicentegalapagos.com\/es\/#website\",\"url\":\"https:\/\/hotelsanvicentegalapagos.com\/es\/\",\"name\":\"San Vicente Hotel Galapagos\",\"description\":\"Isla Isabela Galapagos\",\"publisher\":{\"@id\":\"https:\/\/hotelsanvicentegalapagos.com\/es\/#organization\"},\"potentialAction\":[{\"@type\":\"SearchAction\",\"target\":{\"@type\":\"EntryPoint\",\"urlTemplate\":\"https:\/\/hotelsanvicentegalapagos.com\/es\/?s={search_term_string}\"},\"query-input\":{\"@type\":\"PropertyValueSpecification\",\"valueRequired\":true,\"valueName\":\"search_term_string\"}}],\"inLanguage\":\"en-US\"},{\"@type\":\"Organization\",\"@id\":\"https:\/\/hotelsanvicentegalapagos.com\/es\/#organization\",\"name\":\"Hotel San Vicente Galapagos\",\"url\":\"https:\/\/hotelsanvicentegalapagos.com\/es\/\",\"logo\":{\"@type\":\"ImageObject\",\"inLanguage\":\"en-US\",\"@id\":\"https:\/\/hotelsanvicentegalapagos.com\/es\/#\/schema\/logo\/image\/\",\"url\":\"https:\/\/hotelsanvicentegalapagos.com\/es\/wp-content\/uploads\/sites\/2\/2016\/11\/san-vicente-hote-galapagos-logo.png\",\"contentUrl\":\"https:\/\/hotelsanvicentegalapagos.com\/es\/wp-content\/uploads\/sites\/2\/2016\/11\/san-vicente-hote-galapagos-logo.png\",\"width\":292,\"height\":196,\"caption\":\"Hotel San Vicente Galapagos\"},\"image\":{\"@id\":\"https:\/\/hotelsanvicentegalapagos.com\/es\/#\/schema\/logo\/image\/\"},\"sameAs\":[\"https:\/\/www.facebook.com\/sanvicentegalapagoshotel\/\"]}]}<\/script>\n<!-- \/ Yoast SEO plugin. -->","yoast_head_json":{"title":"Galapagos Land Tours | Magic of Isabela by San Vicente Hotel","description":"Magia de Isabela Galapagos land tour por San Vicente Hotel tiene itinerarios para 4, 5, 6 & 8 D\u00edas. Los tours incluyen alojamiento, 3 comidas y gu\u00edas.","robots":{"index":"index","follow":"follow","max-snippet":"max-snippet:-1","max-image-preview":"max-image-preview:large","max-video-preview":"max-video-preview:-1"},"canonical":"https:\/\/hotelsanvicentegalapagos.com\/es\/magica-isabela\/","og_locale":"en_US","og_type":"article","og_title":"Galapagos Land Tours | Magic of Isabela by San Vicente Hotel","og_description":"Magia de Isabela Galapagos land tour por San Vicente Hotel tiene itinerarios para 4, 5, 6 & 8 D\u00edas. Los tours incluyen alojamiento, 3 comidas y gu\u00edas.","og_url":"https:\/\/hotelsanvicentegalapagos.com\/es\/magica-isabela\/","og_site_name":"San Vicente Hotel Galapagos","article_publisher":"https:\/\/www.facebook.com\/sanvicentegalapagoshotel\/","article_modified_time":"2020-03-06T17:00:43+00:00","twitter_card":"summary_large_image","twitter_misc":{"Est. reading time":"2 minutes"},"schema":{"@context":"https:\/\/schema.org","@graph":[{"@type":"WebPage","@id":"https:\/\/hotelsanvicentegalapagos.com\/es\/magica-isabela\/","url":"https:\/\/hotelsanvicentegalapagos.com\/es\/magica-isabela\/","name":"Galapagos Land Tours | Magic of Isabela by San Vicente Hotel","isPartOf":{"@id":"https:\/\/hotelsanvicentegalapagos.com\/es\/#website"},"datePublished":"2020-03-03T18:02:27+00:00","dateModified":"2020-03-06T17:00:43+00:00","description":"Magia de Isabela Galapagos land tour por San Vicente Hotel tiene itinerarios para 4, 5, 6 & 8 D\u00edas. Los tours incluyen alojamiento, 3 comidas y gu\u00edas.","breadcrumb":{"@id":"https:\/\/hotelsanvicentegalapagos.com\/es\/magica-isabela\/#breadcrumb"},"inLanguage":"en-US","potentialAction":[{"@type":"ReadAction","target":["https:\/\/hotelsanvicentegalapagos.com\/es\/magica-isabela\/"]}]},{"@type":"BreadcrumbList","@id":"https:\/\/hotelsanvicentegalapagos.com\/es\/magica-isabela\/#breadcrumb","itemListElement":[{"@type":"ListItem","position":1,"name":"Home","item":"https:\/\/hotelsanvicentegalapagos.com\/es\/"},{"@type":"ListItem","position":2,"name":"Magica Isabela"}]},{"@type":"WebSite","@id":"https:\/\/hotelsanvicentegalapagos.com\/es\/#website","url":"https:\/\/hotelsanvicentegalapagos.com\/es\/","name":"San Vicente Hotel Galapagos","description":"Isla Isabela Galapagos","publisher":{"@id":"https:\/\/hotelsanvicentegalapagos.com\/es\/#organization"},"potentialAction":[{"@type":"SearchAction","target":{"@type":"EntryPoint","urlTemplate":"https:\/\/hotelsanvicentegalapagos.com\/es\/?s={search_term_string}"},"query-input":{"@type":"PropertyValueSpecification","valueRequired":true,"valueName":"search_term_string"}}],"inLanguage":"en-US"},{"@type":"Organization","@id":"https:\/\/hotelsanvicentegalapagos.com\/es\/#organization","name":"Hotel San Vicente Galapagos","url":"https:\/\/hotelsanvicentegalapagos.com\/es\/","logo":{"@type":"ImageObject","inLanguage":"en-US","@id":"https:\/\/hotelsanvicentegalapagos.com\/es\/#\/schema\/logo\/image\/","url":"https:\/\/hotelsanvicentegalapagos.com\/es\/wp-content\/uploads\/sites\/2\/2016\/11\/san-vicente-hote-galapagos-logo.png","contentUrl":"https:\/\/hotelsanvicentegalapagos.com\/es\/wp-content\/uploads\/sites\/2\/2016\/11\/san-vicente-hote-galapagos-logo.png","width":292,"height":196,"caption":"Hotel San Vicente Galapagos"},"image":{"@id":"https:\/\/hotelsanvicentegalapagos.com\/es\/#\/schema\/logo\/image\/"},"sameAs":["https:\/\/www.facebook.com\/sanvicentegalapagoshotel\/"]}]}},"_links":{"self":[{"href":"https:\/\/hotelsanvicentegalapagos.com\/es\/wp-json\/wp\/v2\/pages\/2894","targetHints":{"allow":["GET"]}}],"collection":[{"href":"https:\/\/hotelsanvicentegalapagos.com\/es\/wp-json\/wp\/v2\/pages"}],"about":[{"href":"https:\/\/hotelsanvicentegalapagos.com\/es\/wp-json\/wp\/v2\/types\/page"}],"author":[{"embeddable":true,"href":"https:\/\/hotelsanvicentegalapagos.com\/es\/wp-json\/wp\/v2\/users\/1"}],"replies":[{"embeddable":true,"href":"https:\/\/hotelsanvicentegalapagos.com\/es\/wp-json\/wp\/v2\/comments?post=2894"}],"version-history":[{"count":11,"href":"https:\/\/hotelsanvicentegalapagos.com\/es\/wp-json\/wp\/v2\/pages\/2894\/revisions"}],"predecessor-version":[{"id":2999,"href":"https:\/\/hotelsanvicentegalapagos.com\/es\/wp-json\/wp\/v2\/pages\/2894\/revisions\/2999"}],"wp:attachment":[{"href":"https:\/\/hotelsanvicentegalapagos.com\/es\/wp-json\/wp\/v2\/media?parent=2894"}],"curies":[{"name":"wp","href":"https:\/\/api.w.org\/{rel}","templated":true}]}}