{"id":2897,"date":"2020-03-03T19:15:01","date_gmt":"2020-03-03T19:15:01","guid":{"rendered":"http:\/\/hotelsanvicentegalapagos.com\/es\/?page_id=2897"},"modified":"2020-03-06T17:03:02","modified_gmt":"2020-03-06T17:03:02","slug":"galapagos-oceano","status":"publish","type":"page","link":"https:\/\/hotelsanvicentegalapagos.com\/es\/galapagos-oceano\/","title":{"rendered":"Gal\u00e1pagos Oc\u00e9ano"},"content":{"rendered":"[vc_row][vc_column][vc_row_inner][vc_column_inner][vc_empty_space height=&#8221;73px&#8221;][\/vc_column_inner][\/vc_row_inner][vc_row_inner][vc_column_inner][vc_custom_heading text=&#8221;Gal\u00e1pagos Oc\u00e9ano&#8221; font_container=&#8221;tag:h2|font_size:40px|text_align:center|line_height:47px&#8221; use_theme_fonts=&#8221;yes&#8221;][vc_column_text]\n<h4 style=\"text-align: justify;\">Los programas Oceano Galapagos Travel Tour le permiten explorar completamente las Gal\u00e1pagos dentro de las posibilidades de un viaje basado en un hotel. El Itinerario Oceano incluye una excursi\u00f3n de d\u00eda completo a una isla m\u00e1s aparte de la isla de San Crist\u00f3bal (programa de 8 d\u00edas), Santa Cruz e Isabela.<\/h4>\n<h4 style=\"text-align: justify;\">La mejor parte de Oceano Tour Packages es que permiten la posibilidad de elegir el n\u00famero total de islas que le gustar\u00eda visitar, las categor\u00edas de hoteles en los que le gustar\u00eda alojarse, e incluso el n\u00famero de d\u00edas para sus vacaciones.<\/h4>\n<h4 style=\"text-align: justify;\">El programa Oceano es uno de los paquetes m\u00e1s buscados entre los tours de las Islas Gal\u00e1pagos porque es totalmente personalizable.<\/h4>\n<h4 style=\"text-align: justifyt;\">Algunas actividades comunes del programa Oceano incluyen snorkeling, caminatas cortas, observaci\u00f3n de vida silvestre, navegaci\u00f3n, etc. Llevamos a personas de diferentes grupos de edad en nuestro tour, desde los ni\u00f1os mayores de tres a\u00f1os hasta los que tienen 60 a\u00f1os.<\/h4>\n[\/vc_column_text][vc_column_text]\n<p style=\"text-align: center;\"><strong style=\"font-size: 20px;\">Tours Cl\u00e1sicos Est\u00e1ndar<\/strong><\/p>\n[\/vc_column_text][\/vc_column_inner][\/vc_row_inner][\/vc_column][\/vc_row][vc_row][vc_column][vc_row_inner][vc_column_inner width=&#8221;1\/3&#8243;][vc_single_image image=&#8221;2995&#8243; img_size=&#8221;350&#215;250&#8243; alignment=&#8221;center&#8221; style=&#8221;vc_box_rounded&#8221; onclick=&#8221;custom_link&#8221; link=&#8221;http:\/\/hotelsanvicentegalapagos.com\/es\/5-dias-programa-oceano\/&#8221;][vc_column_text]\n<p style=\"text-align: center;\"><a href=\"http:\/\/hotelsanvicentegalapagos.com\/es\/5-dias-programa-oceano\/\"><span style=\"color: #000000;\"><strong style=\"font-size: 16px;\">5 D\u00edas &#8211; Gal\u00e1pagos Oc\u00e9ano<\/strong><\/span><\/a><a href=\"http:\/\/hotelsanvicentegalapagos.com\/4-day-magic-of-isabela-galapagos-land-based-tour\/\"><span style=\"color: #000000;\"><strong style=\"font-size: 13px;\"><br \/>\n<\/strong><\/span><\/a><\/p>\n[\/vc_column_text][vc_empty_space height=&#8221;30px&#8221;][\/vc_column_inner][vc_column_inner width=&#8221;1\/3&#8243;][vc_single_image image=&#8221;2994&#8243; img_size=&#8221;350&#215;250&#8243; alignment=&#8221;center&#8221; style=&#8221;vc_box_rounded&#8221; onclick=&#8221;custom_link&#8221; link=&#8221;http:\/\/hotelsanvicentegalapagos.com\/es\/6-dias-programa-oceano\/&#8221;][vc_column_text]\n<p style=\"text-align: center;\"><a href=\"http:\/\/hotelsanvicentegalapagos.com\/es\/6-dias-programa-oceano\/\"><span style=\"color: #000000;\"><strong style=\"font-size: 16px;\">6 D\u00edas &#8211; Gal\u00e1pagos Oc\u00e9ano<\/strong><\/span><\/a><\/p>\n[\/vc_column_text][vc_empty_space height=&#8221;30px&#8221;][\/vc_column_inner][vc_column_inner width=&#8221;1\/3&#8243;][vc_single_image image=&#8221;2993&#8243; img_size=&#8221;350&#215;250&#8243; alignment=&#8221;center&#8221; style=&#8221;vc_box_rounded&#8221; onclick=&#8221;custom_link&#8221; link=&#8221;http:\/\/hotelsanvicentegalapagos.com\/es\/8-dias-programa-oceano\/&#8221;][vc_column_text]\n<p style=\"text-align: center;\"><a href=\"http:\/\/hotelsanvicentegalapagos.com\/es\/8-dias-programa-oceano\/\"><span style=\"color: #000000;\"><strong style=\"font-size: 16px;\">8 D\u00edas &#8211; Gal\u00e1pagos Oc\u00e9ano<\/strong><\/span><\/a><\/p>\n[\/vc_column_text][vc_empty_space height=&#8221;30px&#8221;][\/vc_column_inner][\/vc_row_inner][\/vc_column][\/vc_row]\n","protected":false},"excerpt":{"rendered":"<p>[vc_row][vc_column][vc_row_inner][vc_column_inner][vc_empty_space height=&#8221;73px&#8221;][\/vc_column_inner][\/vc_row_inner][vc_row_inner][vc_column_inner][vc_custom_heading text=&#8221;Gal\u00e1pagos Oc\u00e9ano&#8221; font_container=&#8221;tag:h2|font_size:40px|text_align:center|line_height:47px&#8221; use_theme_fonts=&#8221;yes&#8221;][vc_column_text] Los programas Oceano Galapagos Travel Tour le permiten explorar completamente las Gal\u00e1pagos dentro de [&hellip;]<\/p>\n","protected":false},"author":1,"featured_media":0,"parent":0,"menu_order":0,"comment_status":"open","ping_status":"closed","template":"","meta":{"footnotes":""},"class_list":["post-2897","page","type-page","status-publish","hentry"],"yoast_head":"<!-- This site is optimized with the Yoast SEO plugin v27.2 - https:\/\/yoast.com\/product\/yoast-seo-wordpress\/ -->\n<title>Galapagos Hotel Tours | Programa Oceano | Galapagos Travel<\/title>\n<meta name=\"description\" content=\"El programa Oceano Galapagos Island Travel es un plan de viaje corto pero que abarca todo entre nuestros tours. Viaja 5 d\u00edas a Gal\u00e1pagos y visita 3 Islas.\" \/>\n<meta name=\"robots\" content=\"index, follow, max-snippet:-1, max-image-preview:large, max-video-preview:-1\" \/>\n<link rel=\"canonical\" href=\"https:\/\/hotelsanvicentegalapagos.com\/es\/galapagos-oceano\/\" \/>\n<meta property=\"og:locale\" content=\"en_US\" \/>\n<meta property=\"og:type\" content=\"article\" \/>\n<meta property=\"og:title\" content=\"Galapagos Hotel Tours | Programa Oceano | Galapagos Travel\" \/>\n<meta property=\"og:description\" content=\"El programa Oceano Galapagos Island Travel es un plan de viaje corto pero que abarca todo entre nuestros tours. Viaja 5 d\u00edas a Gal\u00e1pagos y visita 3 Islas.\" \/>\n<meta property=\"og:url\" content=\"https:\/\/hotelsanvicentegalapagos.com\/es\/galapagos-oceano\/\" \/>\n<meta property=\"og:site_name\" content=\"San Vicente Hotel Galapagos\" \/>\n<meta property=\"article:publisher\" content=\"https:\/\/www.facebook.com\/sanvicentegalapagoshotel\/\" \/>\n<meta property=\"article:modified_time\" content=\"2020-03-06T17:03:02+00:00\" \/>\n<meta name=\"twitter:card\" content=\"summary_large_image\" \/>\n<meta name=\"twitter:label1\" content=\"Est. reading time\" \/>\n\t<meta name=\"twitter:data1\" content=\"2 minutes\" \/>\n<script type=\"application\/ld+json\" class=\"yoast-schema-graph\">{\"@context\":\"https:\/\/schema.org\",\"@graph\":[{\"@type\":\"WebPage\",\"@id\":\"https:\/\/hotelsanvicentegalapagos.com\/es\/galapagos-oceano\/\",\"url\":\"https:\/\/hotelsanvicentegalapagos.com\/es\/galapagos-oceano\/\",\"name\":\"Galapagos Hotel Tours | Programa Oceano | Galapagos Travel\",\"isPartOf\":{\"@id\":\"https:\/\/hotelsanvicentegalapagos.com\/es\/#website\"},\"datePublished\":\"2020-03-03T19:15:01+00:00\",\"dateModified\":\"2020-03-06T17:03:02+00:00\",\"description\":\"El programa Oceano Galapagos Island Travel es un plan de viaje corto pero que abarca todo entre nuestros tours. Viaja 5 d\u00edas a Gal\u00e1pagos y visita 3 Islas.\",\"breadcrumb\":{\"@id\":\"https:\/\/hotelsanvicentegalapagos.com\/es\/galapagos-oceano\/#breadcrumb\"},\"inLanguage\":\"en-US\",\"potentialAction\":[{\"@type\":\"ReadAction\",\"target\":[\"https:\/\/hotelsanvicentegalapagos.com\/es\/galapagos-oceano\/\"]}]},{\"@type\":\"BreadcrumbList\",\"@id\":\"https:\/\/hotelsanvicentegalapagos.com\/es\/galapagos-oceano\/#breadcrumb\",\"itemListElement\":[{\"@type\":\"ListItem\",\"position\":1,\"name\":\"Home\",\"item\":\"https:\/\/hotelsanvicentegalapagos.com\/es\/\"},{\"@type\":\"ListItem\",\"position\":2,\"name\":\"Gal\u00e1pagos Oc\u00e9ano\"}]},{\"@type\":\"WebSite\",\"@id\":\"https:\/\/hotelsanvicentegalapagos.com\/es\/#website\",\"url\":\"https:\/\/hotelsanvicentegalapagos.com\/es\/\",\"name\":\"San Vicente Hotel Galapagos\",\"description\":\"Isla Isabela Galapagos\",\"publisher\":{\"@id\":\"https:\/\/hotelsanvicentegalapagos.com\/es\/#organization\"},\"potentialAction\":[{\"@type\":\"SearchAction\",\"target\":{\"@type\":\"EntryPoint\",\"urlTemplate\":\"https:\/\/hotelsanvicentegalapagos.com\/es\/?s={search_term_string}\"},\"query-input\":{\"@type\":\"PropertyValueSpecification\",\"valueRequired\":true,\"valueName\":\"search_term_string\"}}],\"inLanguage\":\"en-US\"},{\"@type\":\"Organization\",\"@id\":\"https:\/\/hotelsanvicentegalapagos.com\/es\/#organization\",\"name\":\"Hotel San Vicente Galapagos\",\"url\":\"https:\/\/hotelsanvicentegalapagos.com\/es\/\",\"logo\":{\"@type\":\"ImageObject\",\"inLanguage\":\"en-US\",\"@id\":\"https:\/\/hotelsanvicentegalapagos.com\/es\/#\/schema\/logo\/image\/\",\"url\":\"https:\/\/hotelsanvicentegalapagos.com\/es\/wp-content\/uploads\/sites\/2\/2016\/11\/san-vicente-hote-galapagos-logo.png\",\"contentUrl\":\"https:\/\/hotelsanvicentegalapagos.com\/es\/wp-content\/uploads\/sites\/2\/2016\/11\/san-vicente-hote-galapagos-logo.png\",\"width\":292,\"height\":196,\"caption\":\"Hotel San Vicente Galapagos\"},\"image\":{\"@id\":\"https:\/\/hotelsanvicentegalapagos.com\/es\/#\/schema\/logo\/image\/\"},\"sameAs\":[\"https:\/\/www.facebook.com\/sanvicentegalapagoshotel\/\"]}]}<\/script>\n<!-- \/ Yoast SEO plugin. -->","yoast_head_json":{"title":"Galapagos Hotel Tours | Programa Oceano | Galapagos Travel","description":"El programa Oceano Galapagos Island Travel es un plan de viaje corto pero que abarca todo entre nuestros tours. Viaja 5 d\u00edas a Gal\u00e1pagos y visita 3 Islas.","robots":{"index":"index","follow":"follow","max-snippet":"max-snippet:-1","max-image-preview":"max-image-preview:large","max-video-preview":"max-video-preview:-1"},"canonical":"https:\/\/hotelsanvicentegalapagos.com\/es\/galapagos-oceano\/","og_locale":"en_US","og_type":"article","og_title":"Galapagos Hotel Tours | Programa Oceano | Galapagos Travel","og_description":"El programa Oceano Galapagos Island Travel es un plan de viaje corto pero que abarca todo entre nuestros tours. Viaja 5 d\u00edas a Gal\u00e1pagos y visita 3 Islas.","og_url":"https:\/\/hotelsanvicentegalapagos.com\/es\/galapagos-oceano\/","og_site_name":"San Vicente Hotel Galapagos","article_publisher":"https:\/\/www.facebook.com\/sanvicentegalapagoshotel\/","article_modified_time":"2020-03-06T17:03:02+00:00","twitter_card":"summary_large_image","twitter_misc":{"Est. reading time":"2 minutes"},"schema":{"@context":"https:\/\/schema.org","@graph":[{"@type":"WebPage","@id":"https:\/\/hotelsanvicentegalapagos.com\/es\/galapagos-oceano\/","url":"https:\/\/hotelsanvicentegalapagos.com\/es\/galapagos-oceano\/","name":"Galapagos Hotel Tours | Programa Oceano | Galapagos Travel","isPartOf":{"@id":"https:\/\/hotelsanvicentegalapagos.com\/es\/#website"},"datePublished":"2020-03-03T19:15:01+00:00","dateModified":"2020-03-06T17:03:02+00:00","description":"El programa Oceano Galapagos Island Travel es un plan de viaje corto pero que abarca todo entre nuestros tours. Viaja 5 d\u00edas a Gal\u00e1pagos y visita 3 Islas.","breadcrumb":{"@id":"https:\/\/hotelsanvicentegalapagos.com\/es\/galapagos-oceano\/#breadcrumb"},"inLanguage":"en-US","potentialAction":[{"@type":"ReadAction","target":["https:\/\/hotelsanvicentegalapagos.com\/es\/galapagos-oceano\/"]}]},{"@type":"BreadcrumbList","@id":"https:\/\/hotelsanvicentegalapagos.com\/es\/galapagos-oceano\/#breadcrumb","itemListElement":[{"@type":"ListItem","position":1,"name":"Home","item":"https:\/\/hotelsanvicentegalapagos.com\/es\/"},{"@type":"ListItem","position":2,"name":"Gal\u00e1pagos Oc\u00e9ano"}]},{"@type":"WebSite","@id":"https:\/\/hotelsanvicentegalapagos.com\/es\/#website","url":"https:\/\/hotelsanvicentegalapagos.com\/es\/","name":"San Vicente Hotel Galapagos","description":"Isla Isabela Galapagos","publisher":{"@id":"https:\/\/hotelsanvicentegalapagos.com\/es\/#organization"},"potentialAction":[{"@type":"SearchAction","target":{"@type":"EntryPoint","urlTemplate":"https:\/\/hotelsanvicentegalapagos.com\/es\/?s={search_term_string}"},"query-input":{"@type":"PropertyValueSpecification","valueRequired":true,"valueName":"search_term_string"}}],"inLanguage":"en-US"},{"@type":"Organization","@id":"https:\/\/hotelsanvicentegalapagos.com\/es\/#organization","name":"Hotel San Vicente Galapagos","url":"https:\/\/hotelsanvicentegalapagos.com\/es\/","logo":{"@type":"ImageObject","inLanguage":"en-US","@id":"https:\/\/hotelsanvicentegalapagos.com\/es\/#\/schema\/logo\/image\/","url":"https:\/\/hotelsanvicentegalapagos.com\/es\/wp-content\/uploads\/sites\/2\/2016\/11\/san-vicente-hote-galapagos-logo.png","contentUrl":"https:\/\/hotelsanvicentegalapagos.com\/es\/wp-content\/uploads\/sites\/2\/2016\/11\/san-vicente-hote-galapagos-logo.png","width":292,"height":196,"caption":"Hotel San Vicente Galapagos"},"image":{"@id":"https:\/\/hotelsanvicentegalapagos.com\/es\/#\/schema\/logo\/image\/"},"sameAs":["https:\/\/www.facebook.com\/sanvicentegalapagoshotel\/"]}]}},"_links":{"self":[{"href":"https:\/\/hotelsanvicentegalapagos.com\/es\/wp-json\/wp\/v2\/pages\/2897","targetHints":{"allow":["GET"]}}],"collection":[{"href":"https:\/\/hotelsanvicentegalapagos.com\/es\/wp-json\/wp\/v2\/pages"}],"about":[{"href":"https:\/\/hotelsanvicentegalapagos.com\/es\/wp-json\/wp\/v2\/types\/page"}],"author":[{"embeddable":true,"href":"https:\/\/hotelsanvicentegalapagos.com\/es\/wp-json\/wp\/v2\/users\/1"}],"replies":[{"embeddable":true,"href":"https:\/\/hotelsanvicentegalapagos.com\/es\/wp-json\/wp\/v2\/comments?post=2897"}],"version-history":[{"count":5,"href":"https:\/\/hotelsanvicentegalapagos.com\/es\/wp-json\/wp\/v2\/pages\/2897\/revisions"}],"predecessor-version":[{"id":2996,"href":"https:\/\/hotelsanvicentegalapagos.com\/es\/wp-json\/wp\/v2\/pages\/2897\/revisions\/2996"}],"wp:attachment":[{"href":"https:\/\/hotelsanvicentegalapagos.com\/es\/wp-json\/wp\/v2\/media?parent=2897"}],"curies":[{"name":"wp","href":"https:\/\/api.w.org\/{rel}","templated":true}]}}